{"id":153,"date":"2020-04-09T12:28:37","date_gmt":"2020-04-09T10:28:37","guid":{"rendered":"http:\/\/www.senior.drwinia.pl\/?page_id=153"},"modified":"2021-08-05T13:50:19","modified_gmt":"2021-08-05T11:50:19","slug":"zamowienia-publiczne-ponizej-kwoty-30-000-euro","status":"publish","type":"page","link":"https:\/\/senior.drwinia.pl\/?page_id=153","title":{"rendered":"Zam\u00f3wienia publiczne poni\u017cej kwoty 30 000 euro"},"content":{"rendered":"<ol>\n<li><a href=\"https:\/\/senior.drwinia.pl\/?p=653\">Zapytanie ofertowe na \u015bwiadczenie us\u0142ug informatycznych dla 15 uczestnik\u00f3w projektu pn. \u201eUtworzenie plac\u00f3wki zapewniaj\u0105cej dzienn\u0105 opiek\u0119 i aktywizacj\u0119 os\u00f3b niesamodzielnych na terenie Gminy Drwinia\u201d<\/a><\/li>\n<li><a href=\"https:\/\/senior.drwinia.pl\/?p=648\">Nab\u00f3r na \u015bwiadczenie us\u0142ug z zakresu muzykoterapii w ramach zaj\u0119\u0107 terapeutycznych<\/a><\/li>\n<li><a href=\"https:\/\/senior.drwinia.pl\/?p=635\">Zapytanie ofertowe na \u015bwiadczenie us\u0142ug zdrowotnych dla 15 uczestnik\u00f3w projektu pn. \u201eUtworzenie plac\u00f3wki zapewniaj\u0105cej dzienn\u0105 opiek\u0119 i aktywizacj\u0119 os\u00f3b niesamodzielnych na terenie Gminy Drwinia\u201d<\/a><\/li>\n<li><a href=\"https:\/\/senior.drwinia.pl\/?p=599\">Zapytanie ofertowe na zakup, dostaw\u0119 oraz monta\u017c mebli gotowych do plac\u00f3wki Dziennego Domu Senior + w Woli Drwi\u0144skiej<\/a><\/li>\n<li><a href=\"https:\/\/bazakonkurencyjnosci.funduszeeuropejskie.gov.pl\/ogloszenia\/36909\">Zapytanie ofertowe na wyb\u00f3r Wykonawcy w zakresie \u015bwiadczenia us\u0142ugi cateringowej do plac\u00f3wki Dziennego Domu Senior + w Woli Drwi\u0144skiej<\/a><\/li>\n<li><a href=\"https:\/\/bazakonkurencyjnosci.funduszeeuropejskie.gov.pl\/ogloszenia\/35423\">Zapytanie ofertowe na zakup, dostaw\u0119 oraz monta\u017c mebli, sprz\u0119tu i wyposa\u017cenie do plac\u00f3wki Dziennego Domu Senior + w Woli Drwi\u0144skiej<\/a><\/li>\n<\/ol>\n","protected":false},"excerpt":{"rendered":"<p>Zapytanie ofertowe na \u015bwiadczenie us\u0142ug informatycznych dla 15 uczestnik\u00f3w projektu pn. \u201eUtworzenie plac\u00f3wki zapewniaj\u0105cej dzienn\u0105 opiek\u0119 i aktywizacj\u0119 os\u00f3b niesamodzielnych na terenie Gminy Drwinia\u201d Nab\u00f3r na \u015bwiadczenie us\u0142ug z zakresu muzykoterapii w ramach zaj\u0119\u0107 terapeutycznych Zapytanie ofertowe na \u015bwiadczenie us\u0142ug zdrowotnych dla 15 uczestnik\u00f3w projektu pn. \u201eUtworzenie plac\u00f3wki zapewniaj\u0105cej dzienn\u0105 opiek\u0119 i aktywizacj\u0119 os\u00f3b niesamodzielnych &hellip; <\/p>\n<p class=\"link-more\"><a href=\"https:\/\/senior.drwinia.pl\/?page_id=153\" class=\"more-link\">Czytaj dalej<span class=\"screen-reader-text\"> Zam\u00f3wienia publiczne poni\u017cej kwoty 30 000 euro<\/span><\/a><\/p>\n","protected":false},"author":1,"featured_media":0,"parent":0,"menu_order":0,"comment_status":"closed","ping_status":"closed","template":"","meta":{"footnotes":""},"class_list":["post-153","page","type-page","status-publish","hentry"],"_links":{"self":[{"href":"https:\/\/senior.drwinia.pl\/index.php?rest_route=\/wp\/v2\/pages\/153","targetHints":{"allow":["GET"]}}],"collection":[{"href":"https:\/\/senior.drwinia.pl\/index.php?rest_route=\/wp\/v2\/pages"}],"about":[{"href":"https:\/\/senior.drwinia.pl\/index.php?rest_route=\/wp\/v2\/types\/page"}],"author":[{"embeddable":true,"href":"https:\/\/senior.drwinia.pl\/index.php?rest_route=\/wp\/v2\/users\/1"}],"replies":[{"embeddable":true,"href":"https:\/\/senior.drwinia.pl\/index.php?rest_route=%2Fwp%2Fv2%2Fcomments&post=153"}],"version-history":[{"count":5,"href":"https:\/\/senior.drwinia.pl\/index.php?rest_route=\/wp\/v2\/pages\/153\/revisions"}],"predecessor-version":[{"id":663,"href":"https:\/\/senior.drwinia.pl\/index.php?rest_route=\/wp\/v2\/pages\/153\/revisions\/663"}],"wp:attachment":[{"href":"https:\/\/senior.drwinia.pl\/index.php?rest_route=%2Fwp%2Fv2%2Fmedia&parent=153"}],"curies":[{"name":"wp","href":"https:\/\/api.w.org\/{rel}","templated":true}]}}