{"id":155,"date":"2020-04-09T12:28:51","date_gmt":"2020-04-09T10:28:51","guid":{"rendered":"http:\/\/www.senior.drwinia.pl\/?page_id=155"},"modified":"2021-10-21T13:50:55","modified_gmt":"2021-10-21T11:50:55","slug":"zamowienia-publiczne-powyzej-kwoty-30-000-euro","status":"publish","type":"page","link":"https:\/\/senior.drwinia.pl\/?page_id=155","title":{"rendered":"Zam\u00f3wienia publiczne powy\u017cej kwoty 30 000 euro"},"content":{"rendered":"<ol>\n<li><a href=\"http:\/\/przetargi.propublico.pl\/OgloszeniaSzczegoly.aspx?MasterPage=EmptyMasterPage&amp;id=54156\">&#8222;Dostawa samochodu 9-osobowego przystosowanego do przewozu os\u00f3b niepe\u0142nosprawnych w tym na w\u00f3zku inwalidzkim dla Dziennego Domu Senior+ w Woli Drwi\u0144skiej&#8221;<\/a><\/li>\n<li><a href=\"http:\/\/przetargi.propublico.pl\/OgloszeniaSzczegoly.aspx?MasterPage=EmptyMasterPage&amp;id=53847&amp;archive=true\">&#8222;Zakup wraz z dostaw\u0105 w ramach leasingu operacyjnego z opcj\u0105 wykupu samochodu przystosowanego do przewozu os\u00f3b niepe\u0142nosprawnych dla Dziennego Domu Senior+ w Woli Drwi\u0144skiej &#8222;<\/a><\/li>\n<\/ol>\n","protected":false},"excerpt":{"rendered":"<p>&#8222;Dostawa samochodu 9-osobowego przystosowanego do przewozu os\u00f3b niepe\u0142nosprawnych w tym na w\u00f3zku inwalidzkim dla Dziennego Domu Senior+ w Woli Drwi\u0144skiej&#8221; &#8222;Zakup wraz z dostaw\u0105 w ramach leasingu operacyjnego z opcj\u0105 wykupu samochodu przystosowanego do przewozu os\u00f3b niepe\u0142nosprawnych dla Dziennego Domu Senior+ w Woli Drwi\u0144skiej &#8222;<\/p>\n","protected":false},"author":1,"featured_media":0,"parent":0,"menu_order":0,"comment_status":"closed","ping_status":"closed","template":"","meta":{"footnotes":""},"class_list":["post-155","page","type-page","status-publish","hentry"],"_links":{"self":[{"href":"https:\/\/senior.drwinia.pl\/index.php?rest_route=\/wp\/v2\/pages\/155","targetHints":{"allow":["GET"]}}],"collection":[{"href":"https:\/\/senior.drwinia.pl\/index.php?rest_route=\/wp\/v2\/pages"}],"about":[{"href":"https:\/\/senior.drwinia.pl\/index.php?rest_route=\/wp\/v2\/types\/page"}],"author":[{"embeddable":true,"href":"https:\/\/senior.drwinia.pl\/index.php?rest_route=\/wp\/v2\/users\/1"}],"replies":[{"embeddable":true,"href":"https:\/\/senior.drwinia.pl\/index.php?rest_route=%2Fwp%2Fv2%2Fcomments&post=155"}],"version-history":[{"count":5,"href":"https:\/\/senior.drwinia.pl\/index.php?rest_route=\/wp\/v2\/pages\/155\/revisions"}],"predecessor-version":[{"id":712,"href":"https:\/\/senior.drwinia.pl\/index.php?rest_route=\/wp\/v2\/pages\/155\/revisions\/712"}],"wp:attachment":[{"href":"https:\/\/senior.drwinia.pl\/index.php?rest_route=%2Fwp%2Fv2%2Fmedia&parent=155"}],"curies":[{"name":"wp","href":"https:\/\/api.w.org\/{rel}","templated":true}]}}