{"id":160,"date":"2020-04-09T12:30:25","date_gmt":"2020-04-09T10:30:25","guid":{"rendered":"http:\/\/www.senior.drwinia.pl\/?page_id=160"},"modified":"2021-05-19T13:10:55","modified_gmt":"2021-05-19T11:10:55","slug":"o-projekcie","status":"publish","type":"page","link":"https:\/\/senior.drwinia.pl\/?page_id=160","title":{"rendered":"O projekcie"},"content":{"rendered":"<p><strong>tytu\u0142 projektu<\/strong><br \/>\nUtworzenie plac\u00f3wki zapewniaj\u0105cej dzienn\u0105 opiek\u0119 i aktywizacj\u0119 os\u00f3b niesamodzielnych na terenie Gminy Drwinia<\/p>\n<p><strong>beneficjent<\/strong><br \/>\nGmina Drwinia<\/p>\n<p><strong>warto\u015b\u0107 projektu<\/strong><\/p>\n<p>1 408 587.12 PLN<\/p>\n<p><strong>dofinansowanie z UE<\/strong><\/p>\n<p>1 197 299.05 PLN<\/p>\n<p><strong>program<\/strong><br \/>\nRegionalny Program Operacyjny Wojew\u00f3dztwa Ma\u0142opolskiego na lata<br \/>\n2014-2020<\/p>\n<p><strong>dzia\u0142anie:<\/strong><\/p>\n<p>Poddzia\u0142anie 9.2.3. Us\u0142ugi opieku\u0144cze oraz interwencja kryzysowa \u2013 SPR<\/p>\n<p><strong>dziedzina:<\/strong><\/p>\n<p>us\u0142ugi spo\u0142eczne i zdrowotne<\/p>\n<p><strong>fundusz<\/strong><br \/>\nEuropejski Fundusz Spo\u0142eczny<\/p>\n<p>Celem projektu jest zwi\u0119kszenie dost\u0119pno\u015bci us\u0142ug spo\u0142ecznych na terenie Gminy Drwinia poprzez utworzenie dla 15 os\u00f3b dziennego o\u015brodka opieki dla os\u00f3b niesamodzielnych w Woli Drwi\u0144skiej, zapewnienie im us\u0142ug opieku\u0144czo piel\u0119gnacyjnych oraz aktywizuj\u0105co-usprawniaj\u0105cych jak r\u00f3wnie\u017c wsparcie 15 opiekun\u00f3w faktycznych\/rodzin poprzez us\u0142ugi wspomagaj\u0105ce.<br \/>\nGrup\u0119 docelow\u0105 projektu stanowi 25 mieszka\u0144c\u00f3w Gminy Drwinia powy\u017cej 60 roku \u017cycia zagro\u017conych ub\u00f3stwem lub wykluczeniem spo\u0142ecznym<br \/>\nobj\u0119tych us\u0142ugami spo\u0142ecznymi \u015bwiadczonymi w interesie og\u00f3lnym. Wszystkie osoby obj\u0119te projektem b\u0119d\u0105 niesamodzielne ze wzgl\u0119du na podesz\u0142y<br \/>\nwiek, stan zdrowia lub niepe\u0142nosprawno\u015b\u0107. Wymaga\u0107 b\u0119d\u0105 opieki lub wsparcia w zwi\u0105zku z niemo\u017cno\u015bci\u0105 samodzielnego wykonywania, co najmniej jednej z podstawowych czynno\u015bci dnia codziennego. Wsparciem zostanie obj\u0119tych tak\u017ce 15 opiekun\u00f3w faktycznych\/rodzin poprzez us\u0142ugi wspomagaj\u0105ce.<br \/>\nPodstawowy zakres us\u0142ug \u015bwiadczonych w plac\u00f3wce b\u0119dzie obejmowa\u0142:<br \/>\na) us\u0142ugi opieku\u0144czo \u2013 piel\u0119gnacyjne z dowozem uczestnik\u00f3w, mo\u017cliwo\u015bci\u0105 pobytu w miejscu spe\u0142niaj\u0105cym odpowiednie warunki lokalowe,<br \/>\ngwarantuj\u0105cym prawid\u0142ow\u0105 realizacj\u0119 us\u0142ug, ciep\u0142y posi\u0142ek, pomoc w podstawowych czynno\u015bciach \u017cyciowych oraz opiek\u0119 higieniczn\u0105 w niezb\u0119dnym zakresie,<br \/>\nb) us\u0142ugi aktywizuj\u0105co \u2013 usprawniaj\u0105ce obejmuj\u0105ce m.in. organizacj\u0119 czasu wolnego, udzia\u0142 w zaj\u0119ciach terapeutycznych, udzia\u0142 w zaj\u0119ciach podnosz\u0105cych sprawno\u015b\u0107 psychiczn\u0105 i fizyczn\u0105 i aktywizuj\u0105cych do uczestnictwa w \u017cyciu spo\u0142ecznym,<br \/>\nc) us\u0142ugi wspomagaj\u0105ce polegaj\u0105ce m.in. na udzielaniu informacji, edukacji, wsparciu i poradnictwu, zar\u00f3wno dla uczestnik\u00f3w, jak i ich opiekun\u00f3w nieformalnych.<\/p>\n<div style=\"width: 525px;\" class=\"wp-video\"><video class=\"wp-video-shortcode\" id=\"video-160-1\" width=\"525\" height=\"295\" preload=\"metadata\" controls=\"controls\"><source type=\"video\/mp4\" src=\"https:\/\/senior.drwinia.pl\/wp-content\/uploads\/2021\/03\/pierwszy-film-A.mp4?_=1\" \/><a href=\"https:\/\/senior.drwinia.pl\/wp-content\/uploads\/2021\/03\/pierwszy-film-A.mp4\">https:\/\/senior.drwinia.pl\/wp-content\/uploads\/2021\/03\/pierwszy-film-A.mp4<\/a><\/video><\/div>\n","protected":false},"excerpt":{"rendered":"<p>tytu\u0142 projektu Utworzenie plac\u00f3wki zapewniaj\u0105cej dzienn\u0105 opiek\u0119 i aktywizacj\u0119 os\u00f3b niesamodzielnych na terenie Gminy Drwinia beneficjent Gmina Drwinia warto\u015b\u0107 projektu 1 408 587.12 PLN dofinansowanie z UE 1 197 299.05 PLN program Regionalny Program Operacyjny Wojew\u00f3dztwa Ma\u0142opolskiego na lata 2014-2020 dzia\u0142anie: Poddzia\u0142anie 9.2.3. Us\u0142ugi opieku\u0144cze oraz interwencja kryzysowa \u2013 SPR dziedzina: us\u0142ugi spo\u0142eczne i zdrowotne &hellip; <\/p>\n<p class=\"link-more\"><a href=\"https:\/\/senior.drwinia.pl\/?page_id=160\" class=\"more-link\">Czytaj dalej<span class=\"screen-reader-text\"> O projekcie<\/span><\/a><\/p>\n","protected":false},"author":1,"featured_media":0,"parent":0,"menu_order":0,"comment_status":"closed","ping_status":"closed","template":"","meta":{"footnotes":""},"class_list":["post-160","page","type-page","status-publish","hentry"],"_links":{"self":[{"href":"https:\/\/senior.drwinia.pl\/index.php?rest_route=\/wp\/v2\/pages\/160","targetHints":{"allow":["GET"]}}],"collection":[{"href":"https:\/\/senior.drwinia.pl\/index.php?rest_route=\/wp\/v2\/pages"}],"about":[{"href":"https:\/\/senior.drwinia.pl\/index.php?rest_route=\/wp\/v2\/types\/page"}],"author":[{"embeddable":true,"href":"https:\/\/senior.drwinia.pl\/index.php?rest_route=\/wp\/v2\/users\/1"}],"replies":[{"embeddable":true,"href":"https:\/\/senior.drwinia.pl\/index.php?rest_route=%2Fwp%2Fv2%2Fcomments&post=160"}],"version-history":[{"count":13,"href":"https:\/\/senior.drwinia.pl\/index.php?rest_route=\/wp\/v2\/pages\/160\/revisions"}],"predecessor-version":[{"id":633,"href":"https:\/\/senior.drwinia.pl\/index.php?rest_route=\/wp\/v2\/pages\/160\/revisions\/633"}],"wp:attachment":[{"href":"https:\/\/senior.drwinia.pl\/index.php?rest_route=%2Fwp%2Fv2%2Fmedia&parent=160"}],"curies":[{"name":"wp","href":"https:\/\/api.w.org\/{rel}","templated":true}]}}