{"id":184,"date":"2020-04-09T12:53:30","date_gmt":"2020-04-09T10:53:30","guid":{"rendered":"http:\/\/www.senior.drwinia.pl\/?page_id=184"},"modified":"2024-11-20T10:29:47","modified_gmt":"2024-11-20T09:29:47","slug":"kontakt","status":"publish","type":"page","link":"https:\/\/senior.drwinia.pl\/?page_id=184","title":{"rendered":"Kontakt"},"content":{"rendered":"<section id=\"text-14\" class=\"widget widget_text\">\n<div class=\"textwidget\">\n<p>Dzienny Dom Senior + w Woli Drwi\u0144skiej<\/p>\n<p>Adres: Wola Drwi\u0144ska 21, 32-709 Drwinia<\/p>\n<p>e-mail: senior@drwinia.pl<\/p>\n<p>Tel.: 12 281 74 10<\/p>\n<p><strong>Godziny pracy plac\u00f3wki:<\/strong><\/p>\n<p>Poniedzia\u0142ek\u2014pi\u0105tek: 8.00-16.00<\/p>\n<\/div>\n<\/section>\n<section id=\"text-15\" class=\"widget widget_text\"><\/section>\n","protected":false},"excerpt":{"rendered":"<p>Dzienny Dom Senior + w Woli Drwi\u0144skiej Adres: Wola Drwi\u0144ska 21, 32-709 Drwinia e-mail: senior@drwinia.pl Tel.: 12 281 74 10 Godziny pracy plac\u00f3wki: Poniedzia\u0142ek\u2014pi\u0105tek: 8.00-16.00<\/p>\n","protected":false},"author":1,"featured_media":0,"parent":0,"menu_order":0,"comment_status":"closed","ping_status":"closed","template":"","meta":{"footnotes":""},"class_list":["post-184","page","type-page","status-publish","hentry"],"_links":{"self":[{"href":"https:\/\/senior.drwinia.pl\/index.php?rest_route=\/wp\/v2\/pages\/184","targetHints":{"allow":["GET"]}}],"collection":[{"href":"https:\/\/senior.drwinia.pl\/index.php?rest_route=\/wp\/v2\/pages"}],"about":[{"href":"https:\/\/senior.drwinia.pl\/index.php?rest_route=\/wp\/v2\/types\/page"}],"author":[{"embeddable":true,"href":"https:\/\/senior.drwinia.pl\/index.php?rest_route=\/wp\/v2\/users\/1"}],"replies":[{"embeddable":true,"href":"https:\/\/senior.drwinia.pl\/index.php?rest_route=%2Fwp%2Fv2%2Fcomments&post=184"}],"version-history":[{"count":12,"href":"https:\/\/senior.drwinia.pl\/index.php?rest_route=\/wp\/v2\/pages\/184\/revisions"}],"predecessor-version":[{"id":1749,"href":"https:\/\/senior.drwinia.pl\/index.php?rest_route=\/wp\/v2\/pages\/184\/revisions\/1749"}],"wp:attachment":[{"href":"https:\/\/senior.drwinia.pl\/index.php?rest_route=%2Fwp%2Fv2%2Fmedia&parent=184"}],"curies":[{"name":"wp","href":"https:\/\/api.w.org\/{rel}","templated":true}]}}